{"id":642,"date":"2020-11-02T20:30:30","date_gmt":"2020-11-02T19:30:30","guid":{"rendered":"https:\/\/www.aupro.de\/impressum\/"},"modified":"2023-08-01T10:23:33","modified_gmt":"2023-08-01T08:23:33","slug":"site-notice","status":"publish","type":"page","link":"https:\/\/aupro.de\/en\/site-notice\/","title":{"rendered":"Site Notice"},"content":{"rendered":"<div class=\"wpb-content-wrapper\">[vc_row content_placement=&#8221;middle&#8221; gap=&#8221;30&#8243; equal_height=&#8221;yes&#8221; columns_right=&#8221;yes&#8221; css=&#8221;.vc_custom_1575911694094{padding-top: 60px !important;}&#8221;][vc_column]<h2 class=\"vcex-heading vcex-heading-plain vcex-module wpex-heading wpex-text-2xl vc_custom_1581081167094\"><span class=\"vcex-heading-inner wpex-inline-block\">Impressum<\/span><\/h2>[\/vc_column][\/vc_row][vc_row full_width=&#8221;stretch_row&#8221; content_placement=&#8221;top&#8221; css=&#8221;.vc_custom_1530112964041{padding-top: 0px !important;padding-bottom: 60px !important;}&#8221;][vc_column width=&#8221;1\/2&#8243; css=&#8221;.vc_custom_1527844943199{padding-bottom: 20px !important;}&#8221;][vc_column_text]\n<div class=\"fusion-layout-column fusion_builder_column fusion-builder-column-0 fusion_builder_column_1_1 1_1 fusion-one-full fusion-column-first fusion-column-last\">\n<div class=\"fusion-column-wrapper fusion-flex-column-wrapper-legacy\">\n<div class=\"fusion-title title fusion-title-2 fusion-sep-none fusion-title-text fusion-title-size-two fusion-border-below-title\">\n<h3 class=\"title-heading-left fusion-responsive-typography-calculated\" data-fontsize=\"20\" data-lineheight=\"40px\">Information pursuant to \u00a7 5 TMG<\/h3>\n<p class=\"title-heading-left fusion-responsive-typography-calculated\" data-fontsize=\"20\" data-lineheight=\"40px\">AuPro GmbH<br \/>\nNebelring 4<br \/>\n18246 B\u00fctzow<\/p>\n<\/div>\n<\/div>\n<\/div>\n<p><strong>Commercial Register:<\/strong> HRB 6328<br \/>\n<strong>Registration court:<\/strong> Amtsgericht Rostock<\/p>\n<p><strong>Represented by:<\/strong><br \/>\nChristian Radtke (executive Director)<\/p>\n<h3>Contact<\/h3>\n<p>Phone: <a href=\"tel:+49384615950\">+49 38461 595-0<\/a><br \/>\nTelefax: +49 38461 595-20<br \/>\nE-mail: <a href=\"mailto:info@aupro.de\">info@aupro.de<\/a><\/p>\n<h3><strong>VAT ID<\/strong><\/h3>\n<p>Sales tax identification number according to \u00a7 27 a of the Sales Tax Law:<br \/>\nDE 175 231 136<\/p>\n<h3><strong>EU dispute resolution<br \/>\n<\/strong><\/h3>\n<p>The European Commission provides a platform for online dispute resolution (ODR):\u00a0<a href=\"https:\/\/ec.europa.eu\/consumers\/odr\" target=\"_blank\" rel=\"noopener noreferrer\">https:\/\/ec.europa.eu\/consumers\/odr<\/a>.<br \/>\nOur e-mail address can be found above in the site notice.<\/p>\n<h3>Consumer dispute settlement \/ universal arbitration board<\/h3>\n<p>We are not willing or obliged to participate in dispute resolution proceedings before a consumer arbitration board.[\/vc_column_text][\/vc_column][vc_column width=&#8221;1\/2&#8243;][vc_column_text]\n<h3 data-lineheight=\"24\" data-fontsize=\"20\">Design and Implementation<\/h3>\n[\/vc_column_text]<style>.vcex-image.vcex_6a07013355836 .vcex-image-inner{max-width:200px;}<\/style><figure class=\"vcex-image vcex-module vcex_6a07013355836\"><div class=\"vcex-image-inner wpex-relative wpex-inline-block vc_custom_1604345044716\"><a href=\"https:\/\/pxmedia.de\" target=\"_blank\" rel=\"noopener noreferrer\"><img width=\"1426\" height=\"340\" src=\"https:\/\/aupro.de\/wp-content\/uploads\/2020\/11\/Logo_schwarz_pxmedia.png\" class=\"vcex-image-img wpex-align-middle\" alt=\"\" loading=\"lazy\" decoding=\"async\" srcset=\"https:\/\/aupro.de\/wp-content\/uploads\/2020\/11\/Logo_schwarz_pxmedia.png 1426w, https:\/\/aupro.de\/wp-content\/uploads\/2020\/11\/Logo_schwarz_pxmedia-300x72.png 300w, https:\/\/aupro.de\/wp-content\/uploads\/2020\/11\/Logo_schwarz_pxmedia-1024x244.png 1024w, https:\/\/aupro.de\/wp-content\/uploads\/2020\/11\/Logo_schwarz_pxmedia-768x183.png 768w\" sizes=\"auto, (max-width: 1426px) 100vw, 1426px\" \/><\/a><\/div><\/figure>[vc_column_text]<strong>pxmedia.de Werbeagentur<\/strong><br \/>\nTannenweg 22m<br \/>\n18059 Rostock<br \/>\n(im Speicher 1)<br \/>\nTelefon:\u00a0<a href=\"tel:+4938133700470\">0381 33 700 470<\/a><br \/>\nE-Mail: <a href=\"mailto:kontakt@pxmedia.de?subject=Netzmiete\">kontakt@pxmedia.de<\/a>[\/vc_column_text][\/vc_column][\/vc_row][vc_row full_width=&#8221;stretch_row&#8221; content_placement=&#8221;middle&#8221; css=&#8221;.vc_custom_1529658387130{padding-top: 0px !important;padding-bottom: 60px !important;}&#8221;][vc_column css=&#8221;.vc_custom_1527844943199{padding-bottom: 20px !important;}&#8221;][vc_column_text]\n<div class=\"content2copy\">\n<h3><strong>Liability for Contents<\/strong><\/h3>\n<p>As service providers, we are liable for own contents of these websites according to Paragraph 7, Sect. 1 German Telemedia Act (TMG). However, according to Paragraphs 8 to 10 German Telemedia Act (TMG), service providers are not obligated to permanently monitor submitted or stored information or to search for evidences that indicate illegal activities.<\/p>\n<p>Legal obligations to removing information or to blocking the use of information remain unchallenged. In this case, liability is only possible at the time of knowledge about a specific violation of law. Illegal contents will be removed immediately at the time we get knowledge of them.<\/p>\n<h3><strong>Liability for Links<\/strong><\/h3>\n<p>Our offer includes links to external third party websites. We have no influence on the contents of those websites, therefore we cannot guarantee for those contents. Providers or administrators of linked websites are always responsible for their own contents.<\/p>\n<p>The linked websites had been checked for possible violations of law at the time of the establishment of the link. Illegal contents were not detected at the time of the linking. A permanent monitoring of the contents of linked websites cannot be imposed without reasonable indications that there has been a violation of law. Illegal links will be removed immediately at the time we get knowledge of them.<\/p>\n<h3><strong>Copyright<\/strong><\/h3>\n<p>Contents and compilations published on these websites by the providers are subject to German copyright laws. Reproduction, editing, distribution as well as the use of any kind outside the scope of the copyright law require a written permission of the author or originator. Downloads and copies of these websites are permitted for private use only.<br \/>\nThe commercial use of our contents without permission of the originator is prohibited.<\/p>\n<p>Copyright laws of third parties are respected as long as the contents on these websites do not originate from the provider. Contributions of third parties on this site are indicated as such. However, if you notice any violations of copyright law, please inform us. Such contents will be removed immediately.<\/p>\n<\/div>\n[\/vc_column_text][\/vc_column][\/vc_row]\n<\/div>","protected":false},"excerpt":{"rendered":"<p>[vc_row content_placement=&#8221;middle&#8221; gap=&#8221;30&#8243; equal_height=&#8221;yes&#8221; columns_right=&#8221;yes&#8221; css=&#8221;.vc_custom_1575911694094{padding-top: 60px !important;}&#8221;][vc_column][\/vc_column][\/vc_row][vc_row full_width=&#8221;stretch_row&#8221; content_placement=&#8221;top&#8221; css=&#8221;.vc_custom_1530112964041{padding-top: 0px !important;padding-bottom: 60px !important;}&#8221;][vc_column width=&#8221;1\/2&#8243; css=&#8221;.vc_custom_1527844943199{padding-bottom: 20px !important;}&#8221;][vc_column_text] Information pursuant to \u00a7 5 TMG AuPro GmbH Nebelring 4 18246 B\u00fctzow Commercial Register: HRB 6328 Registration court: Amtsgericht Rostock Represented by: Christian Radtke (executive Director) Contact Phone: +49 38461 595-0 Telefax: +49 38461 595-20 E-mail:&hellip;<\/p>\n","protected":false},"author":1,"featured_media":0,"parent":0,"menu_order":0,"comment_status":"closed","ping_status":"closed","template":"","meta":{"footnotes":""},"class_list":["post-642","page","type-page","status-publish","hentry","entry","no-media"],"yoast_head":"<!-- This site is optimized with the Yoast SEO plugin v27.6 - https:\/\/yoast.com\/product\/yoast-seo-wordpress\/ -->\n<title>Impressum der AuPro GmbH<\/title>\n<meta name=\"description\" content=\"Die AuPro GmbH ist Ihr Partner f\u00fcr Produktautomation bzw. Produktions- und Fertigungsprozesse mit h\u00f6chster Qualit\u00e4t und Funktionalit\u00e4t.\" \/>\n<meta name=\"robots\" content=\"index, follow, max-snippet:-1, max-image-preview:large, max-video-preview:-1\" \/>\n<link rel=\"canonical\" href=\"https:\/\/aupro.de\/en\/site-notice\/\" \/>\n<meta property=\"og:locale\" content=\"en_US\" \/>\n<meta property=\"og:type\" content=\"article\" \/>\n<meta property=\"og:title\" content=\"Impressum der AuPro GmbH\" \/>\n<meta property=\"og:description\" content=\"Die AuPro GmbH ist Ihr Partner f\u00fcr Produktautomation bzw. Produktions- und Fertigungsprozesse mit h\u00f6chster Qualit\u00e4t und Funktionalit\u00e4t.\" \/>\n<meta property=\"og:url\" content=\"https:\/\/aupro.de\/en\/site-notice\/\" \/>\n<meta property=\"og:site_name\" content=\"Aupro GmbH\" \/>\n<meta property=\"article:modified_time\" content=\"2023-08-01T08:23:33+00:00\" \/>\n<meta name=\"twitter:card\" content=\"summary_large_image\" \/>\n<meta name=\"twitter:label1\" content=\"Est. reading time\" \/>\n\t<meta name=\"twitter:data1\" content=\"3 minutes\" \/>\n<script type=\"application\/ld+json\" class=\"yoast-schema-graph\">{\"@context\":\"https:\\\/\\\/schema.org\",\"@graph\":[{\"@type\":\"WebPage\",\"@id\":\"https:\\\/\\\/aupro.de\\\/en\\\/site-notice\\\/\",\"url\":\"https:\\\/\\\/aupro.de\\\/en\\\/site-notice\\\/\",\"name\":\"Impressum der AuPro GmbH\",\"isPartOf\":{\"@id\":\"https:\\\/\\\/aupro.de\\\/#website\"},\"datePublished\":\"2020-11-02T19:30:30+00:00\",\"dateModified\":\"2023-08-01T08:23:33+00:00\",\"description\":\"Die AuPro GmbH ist Ihr Partner f\u00fcr Produktautomation bzw. Produktions- und Fertigungsprozesse mit h\u00f6chster Qualit\u00e4t und Funktionalit\u00e4t.\",\"breadcrumb\":{\"@id\":\"https:\\\/\\\/aupro.de\\\/en\\\/site-notice\\\/#breadcrumb\"},\"inLanguage\":\"en-US\",\"potentialAction\":[{\"@type\":\"ReadAction\",\"target\":[\"https:\\\/\\\/aupro.de\\\/en\\\/site-notice\\\/\"]}]},{\"@type\":\"BreadcrumbList\",\"@id\":\"https:\\\/\\\/aupro.de\\\/en\\\/site-notice\\\/#breadcrumb\",\"itemListElement\":[{\"@type\":\"ListItem\",\"position\":1,\"name\":\"Startseite\",\"item\":\"https:\\\/\\\/aupro.de\\\/\"},{\"@type\":\"ListItem\",\"position\":2,\"name\":\"Site Notice\"}]},{\"@type\":\"WebSite\",\"@id\":\"https:\\\/\\\/aupro.de\\\/#website\",\"url\":\"https:\\\/\\\/aupro.de\\\/\",\"name\":\"Aupro GmbH\",\"description\":\"Eine weitere WordPress-Website\",\"publisher\":{\"@id\":\"https:\\\/\\\/aupro.de\\\/#organization\"},\"potentialAction\":[{\"@type\":\"SearchAction\",\"target\":{\"@type\":\"EntryPoint\",\"urlTemplate\":\"https:\\\/\\\/aupro.de\\\/?s={search_term_string}\"},\"query-input\":{\"@type\":\"PropertyValueSpecification\",\"valueRequired\":true,\"valueName\":\"search_term_string\"}}],\"inLanguage\":\"en-US\"},{\"@type\":\"Organization\",\"@id\":\"https:\\\/\\\/aupro.de\\\/#organization\",\"name\":\"Aupro GmbH\",\"url\":\"https:\\\/\\\/aupro.de\\\/\",\"logo\":{\"@type\":\"ImageObject\",\"inLanguage\":\"en-US\",\"@id\":\"https:\\\/\\\/aupro.de\\\/#\\\/schema\\\/logo\\\/image\\\/\",\"url\":\"https:\\\/\\\/aupro.de\\\/wp-content\\\/uploads\\\/2023\\\/03\\\/aupro_logo_cmyk_gmbh_reg-1.png\",\"contentUrl\":\"https:\\\/\\\/aupro.de\\\/wp-content\\\/uploads\\\/2023\\\/03\\\/aupro_logo_cmyk_gmbh_reg-1.png\",\"width\":240,\"height\":180,\"caption\":\"Aupro GmbH\"},\"image\":{\"@id\":\"https:\\\/\\\/aupro.de\\\/#\\\/schema\\\/logo\\\/image\\\/\"}}]}<\/script>\n<!-- \/ Yoast SEO plugin. -->","yoast_head_json":{"title":"Impressum der AuPro GmbH","description":"Die AuPro GmbH ist Ihr Partner f\u00fcr Produktautomation bzw. Produktions- und Fertigungsprozesse mit h\u00f6chster Qualit\u00e4t und Funktionalit\u00e4t.","robots":{"index":"index","follow":"follow","max-snippet":"max-snippet:-1","max-image-preview":"max-image-preview:large","max-video-preview":"max-video-preview:-1"},"canonical":"https:\/\/aupro.de\/en\/site-notice\/","og_locale":"en_US","og_type":"article","og_title":"Impressum der AuPro GmbH","og_description":"Die AuPro GmbH ist Ihr Partner f\u00fcr Produktautomation bzw. Produktions- und Fertigungsprozesse mit h\u00f6chster Qualit\u00e4t und Funktionalit\u00e4t.","og_url":"https:\/\/aupro.de\/en\/site-notice\/","og_site_name":"Aupro GmbH","article_modified_time":"2023-08-01T08:23:33+00:00","twitter_card":"summary_large_image","twitter_misc":{"Est. reading time":"3 minutes"},"schema":{"@context":"https:\/\/schema.org","@graph":[{"@type":"WebPage","@id":"https:\/\/aupro.de\/en\/site-notice\/","url":"https:\/\/aupro.de\/en\/site-notice\/","name":"Impressum der AuPro GmbH","isPartOf":{"@id":"https:\/\/aupro.de\/#website"},"datePublished":"2020-11-02T19:30:30+00:00","dateModified":"2023-08-01T08:23:33+00:00","description":"Die AuPro GmbH ist Ihr Partner f\u00fcr Produktautomation bzw. Produktions- und Fertigungsprozesse mit h\u00f6chster Qualit\u00e4t und Funktionalit\u00e4t.","breadcrumb":{"@id":"https:\/\/aupro.de\/en\/site-notice\/#breadcrumb"},"inLanguage":"en-US","potentialAction":[{"@type":"ReadAction","target":["https:\/\/aupro.de\/en\/site-notice\/"]}]},{"@type":"BreadcrumbList","@id":"https:\/\/aupro.de\/en\/site-notice\/#breadcrumb","itemListElement":[{"@type":"ListItem","position":1,"name":"Startseite","item":"https:\/\/aupro.de\/"},{"@type":"ListItem","position":2,"name":"Site Notice"}]},{"@type":"WebSite","@id":"https:\/\/aupro.de\/#website","url":"https:\/\/aupro.de\/","name":"Aupro GmbH","description":"Eine weitere WordPress-Website","publisher":{"@id":"https:\/\/aupro.de\/#organization"},"potentialAction":[{"@type":"SearchAction","target":{"@type":"EntryPoint","urlTemplate":"https:\/\/aupro.de\/?s={search_term_string}"},"query-input":{"@type":"PropertyValueSpecification","valueRequired":true,"valueName":"search_term_string"}}],"inLanguage":"en-US"},{"@type":"Organization","@id":"https:\/\/aupro.de\/#organization","name":"Aupro GmbH","url":"https:\/\/aupro.de\/","logo":{"@type":"ImageObject","inLanguage":"en-US","@id":"https:\/\/aupro.de\/#\/schema\/logo\/image\/","url":"https:\/\/aupro.de\/wp-content\/uploads\/2023\/03\/aupro_logo_cmyk_gmbh_reg-1.png","contentUrl":"https:\/\/aupro.de\/wp-content\/uploads\/2023\/03\/aupro_logo_cmyk_gmbh_reg-1.png","width":240,"height":180,"caption":"Aupro GmbH"},"image":{"@id":"https:\/\/aupro.de\/#\/schema\/logo\/image\/"}}]}},"_links":{"self":[{"href":"https:\/\/aupro.de\/en\/wp-json\/wp\/v2\/pages\/642","targetHints":{"allow":["GET"]}}],"collection":[{"href":"https:\/\/aupro.de\/en\/wp-json\/wp\/v2\/pages"}],"about":[{"href":"https:\/\/aupro.de\/en\/wp-json\/wp\/v2\/types\/page"}],"author":[{"embeddable":true,"href":"https:\/\/aupro.de\/en\/wp-json\/wp\/v2\/users\/1"}],"replies":[{"embeddable":true,"href":"https:\/\/aupro.de\/en\/wp-json\/wp\/v2\/comments?post=642"}],"version-history":[{"count":5,"href":"https:\/\/aupro.de\/en\/wp-json\/wp\/v2\/pages\/642\/revisions"}],"predecessor-version":[{"id":1292,"href":"https:\/\/aupro.de\/en\/wp-json\/wp\/v2\/pages\/642\/revisions\/1292"}],"wp:attachment":[{"href":"https:\/\/aupro.de\/en\/wp-json\/wp\/v2\/media?parent=642"}],"curies":[{"name":"wp","href":"https:\/\/api.w.org\/{rel}","templated":true}]}}